{"id":10870,"date":"2014-10-11T14:23:15","date_gmt":"2014-10-11T14:23:15","guid":{"rendered":"http:\/\/avada.theme-fusion.com_demos\/portfolio\/?page_id=10870"},"modified":"2019-04-05T15:47:20","modified_gmt":"2019-04-05T13:47:20","slug":"blog","status":"publish","type":"page","link":"https:\/\/www.vanderlaak.de\/index.php\/blog\/","title":{"rendered":"BLOG-Uebersicht"},"content":{"rendered":"<div class=\"fusion-fullwidth fullwidth-box fusion-builder-row-1 fusion-flex-container hundred-percent-fullwidth non-hundred-percent-height-scrolling\" style=\"--awb-border-radius-top-left:0px;--awb-border-radius-top-right:0px;--awb-border-radius-bottom-right:0px;--awb-border-radius-bottom-left:0px;--awb-padding-top:70px;--awb-padding-right:40px;--awb-padding-left:40px;\" ><div class=\"fusion-builder-row fusion-row fusion-flex-align-items-flex-start\" style=\"width:calc( 100% + 0px ) !important;max-width:calc( 100% + 0px ) !important;margin-left: calc(-0px \/ 2 );margin-right: calc(-0px \/ 2 );\"><div class=\"fusion-layout-column fusion_builder_column fusion-builder-column-0 fusion_builder_column_1_1 1_1 fusion-flex-column\" style=\"--awb-bg-size:cover;--awb-width-large:100%;--awb-margin-top-large:15px;--awb-spacing-right-large:0px;--awb-margin-bottom-large:0px;--awb-spacing-left-large:0px;--awb-width-medium:100%;--awb-spacing-right-medium:0px;--awb-spacing-left-medium:0px;--awb-width-small:100%;--awb-spacing-right-small:0px;--awb-spacing-left-small:0px;\"><div class=\"fusion-column-wrapper fusion-flex-justify-content-center fusion-content-layout-column\"><div class=\"fusion-blog-shortcode fusion-blog-shortcode-1 fusion-blog-archive fusion-blog-layout-grid-wrapper fusion-blog-infinite\"><style type=\"text\/css\">.fusion-blog-shortcode-1 .fusion-blog-layout-grid .fusion-post-grid{padding:20px;}.fusion-blog-shortcode-1 .fusion-posts-container{margin-left: -20px !important; margin-right:-20px !important;}<\/style><div class=\"fusion-posts-container fusion-posts-container-infinite fusion-blog-rollover fusion-blog-layout-grid fusion-blog-layout-grid-4 isotope\" data-pages=\"3\" data-grid-col-space=\"40\" style=\"margin: -20px -20px 0;min-height:500px;\"><article id=\"blog-1-post-14472\" class=\"fusion-post-grid post-14472 post type-post status-publish format-standard hentry category-allgemein category-training category-vertrieb\">\n<div class=\"fusion-post-wrapper\" style=\"background-color:rgba(255,255,255,0);border:1px solid #dbe2ea;border-bottom-width:3px;\">\n\n<div class=\"fusion-post-content-wrapper\" style=\"padding:30px 25px 20px 25px;\"><div class=\"fusion-post-content post-content\"><h2 class=\"blog-shortcode-post-title entry-title\"><a href=\"https:\/\/www.vanderlaak.de\/index.php\/2019\/06\/19\/effektivitaet-2-2-2\/\">Etwas zum Nachdenken:<\/a><\/h2><p class=\"fusion-single-line-meta\">By <span class=\"vcard\"><span class=\"fn\"><a href=\"https:\/\/www.vanderlaak.de\/index.php\/author\/rvdl\/\" title=\"Beitr\u00e4ge von Alle Beitr\u00e4ge\" rel=\"author\">Alle Beitr\u00e4ge<\/a><\/span><\/span><span class=\"fusion-inline-sep\">|<\/span><span class=\"updated\" style=\"display:none;\">2019-06-19T18:49:42+02:00<\/span><span>Juni 19th, 2019<\/span><span class=\"fusion-inline-sep\">|<\/span>Categories: <a href=\"https:\/\/www.vanderlaak.de\/index.php\/category\/allgemein\/\" rel=\"category tag\">Allgemein<\/a>, <a href=\"https:\/\/www.vanderlaak.de\/index.php\/category\/training\/\" rel=\"category tag\">Training<\/a>, <a href=\"https:\/\/www.vanderlaak.de\/index.php\/category\/vertrieb\/\" rel=\"category tag\">Vertrieb<\/a><span class=\"fusion-inline-sep\">|<\/span><\/p><div class=\"fusion-content-sep sep-double sep-solid\"><\/div><div class=\"fusion-post-content-container\"><p>Trainer: \"Was ist f\u00fcr Sie der wichtigste Grund daf\u00fcr, einen Auftrag zu verlieren?\" Teilnehmer: \"Das sind Konkurrenten, die die Preise derma\u00dfen dr\u00fccken, dass sie fast unter dem [...]<\/p><\/div><\/div><div class=\"fusion-meta-info\"><div class=\"fusion-alignleft\"><a class=\"fusion-read-more\" href=\"https:\/\/www.vanderlaak.de\/index.php\/2019\/06\/19\/effektivitaet-2-2-2\/\" aria-label=\"More on Etwas zum Nachdenken:\">Read More<\/a><\/div><\/div><\/div><div class=\"fusion-clearfix\"><\/div><\/div>\n<\/article>\n<article id=\"blog-1-post-14463\" class=\"fusion-post-grid post-14463 post type-post status-publish format-standard hentry category-kommunikation category-tips-tricks category-vertrieb\">\n<div class=\"fusion-post-wrapper\" style=\"background-color:rgba(255,255,255,0);border:1px solid #dbe2ea;border-bottom-width:3px;\">\n\n<div class=\"fusion-post-content-wrapper\" style=\"padding:30px 25px 20px 25px;\"><div class=\"fusion-post-content post-content\"><h2 class=\"blog-shortcode-post-title entry-title\"><a href=\"https:\/\/www.vanderlaak.de\/index.php\/2019\/06\/13\/effektivitaet-2-2\/\">Stille<\/a><\/h2><p class=\"fusion-single-line-meta\">By <span class=\"vcard\"><span class=\"fn\"><a href=\"https:\/\/www.vanderlaak.de\/index.php\/author\/rvdl\/\" title=\"Beitr\u00e4ge von Alle Beitr\u00e4ge\" rel=\"author\">Alle Beitr\u00e4ge<\/a><\/span><\/span><span class=\"fusion-inline-sep\">|<\/span><span class=\"updated\" style=\"display:none;\">2019-06-20T09:22:50+02:00<\/span><span>Juni 13th, 2019<\/span><span class=\"fusion-inline-sep\">|<\/span>Categories: <a href=\"https:\/\/www.vanderlaak.de\/index.php\/category\/kommunikation\/\" rel=\"category tag\">Kommunikation<\/a>, <a href=\"https:\/\/www.vanderlaak.de\/index.php\/category\/tips-tricks\/\" rel=\"category tag\">Tips &amp; Tricks<\/a>, <a href=\"https:\/\/www.vanderlaak.de\/index.php\/category\/vertrieb\/\" rel=\"category tag\">Vertrieb<\/a><span class=\"fusion-inline-sep\">|<\/span><\/p><div class=\"fusion-content-sep sep-double sep-solid\"><\/div><div class=\"fusion-post-content-container\"><p> Professionelle Eink\u00e4ufer haben manchmal Spa\u00df daran, Verk\u00e4ufer aus dem Gleichgewicht zu bringen. Zum Beispiel, indem sie Fragen mit einem langen Schweigen beantworten. Verk\u00e4ufer k\u00f6nnen in solchen [...]<\/p><\/div><\/div><div class=\"fusion-meta-info\"><div class=\"fusion-alignleft\"><a class=\"fusion-read-more\" href=\"https:\/\/www.vanderlaak.de\/index.php\/2019\/06\/13\/effektivitaet-2-2\/\" aria-label=\"More on Stille\">Read More<\/a><\/div><\/div><\/div><div class=\"fusion-clearfix\"><\/div><\/div>\n<\/article>\n<article id=\"blog-1-post-14452\" class=\"fusion-post-grid post-14452 post type-post status-publish format-standard hentry category-kommunikation category-training category-vertrieb\">\n<div class=\"fusion-post-wrapper\" style=\"background-color:rgba(255,255,255,0);border:1px solid #dbe2ea;border-bottom-width:3px;\">\n\n<div class=\"fusion-post-content-wrapper\" style=\"padding:30px 25px 20px 25px;\"><div class=\"fusion-post-content post-content\"><h2 class=\"blog-shortcode-post-title entry-title\"><a href=\"https:\/\/www.vanderlaak.de\/index.php\/2019\/06\/12\/effektivitaet-2\/\">Einw\u00e4nde<\/a><\/h2><p class=\"fusion-single-line-meta\">By <span class=\"vcard\"><span class=\"fn\"><a href=\"https:\/\/www.vanderlaak.de\/index.php\/author\/rvdl\/\" title=\"Beitr\u00e4ge von Alle Beitr\u00e4ge\" rel=\"author\">Alle Beitr\u00e4ge<\/a><\/span><\/span><span class=\"fusion-inline-sep\">|<\/span><span class=\"updated\" style=\"display:none;\">2019-07-03T14:53:24+02:00<\/span><span>Juni 12th, 2019<\/span><span class=\"fusion-inline-sep\">|<\/span>Categories: <a href=\"https:\/\/www.vanderlaak.de\/index.php\/category\/kommunikation\/\" rel=\"category tag\">Kommunikation<\/a>, <a href=\"https:\/\/www.vanderlaak.de\/index.php\/category\/training\/\" rel=\"category tag\">Training<\/a>, <a href=\"https:\/\/www.vanderlaak.de\/index.php\/category\/vertrieb\/\" rel=\"category tag\">Vertrieb<\/a><span class=\"fusion-inline-sep\">|<\/span><\/p><div class=\"fusion-content-sep sep-double sep-solid\"><\/div><div class=\"fusion-post-content-container\"><p> \"Techniken zum Umgang mit Einw\u00e4nden\" (Beschwerden), kennen Sie das? Bei Verkaufstrainings stellen dieses fast immer ein wichtiges Thema dar. Selbst wir reden auf unserer Website \u00fcber [...]<\/p><\/div><\/div><div class=\"fusion-meta-info\"><div class=\"fusion-alignleft\"><a class=\"fusion-read-more\" href=\"https:\/\/www.vanderlaak.de\/index.php\/2019\/06\/12\/effektivitaet-2\/\" aria-label=\"More on Einw\u00e4nde\">Read More<\/a><\/div><\/div><\/div><div class=\"fusion-clearfix\"><\/div><\/div>\n<\/article>\n<article id=\"blog-1-post-14413\" class=\"fusion-post-grid post-14413 post type-post status-publish format-standard hentry category-leadership category-management category-videography\">\n<div class=\"fusion-post-wrapper\" style=\"background-color:rgba(255,255,255,0);border:1px solid #dbe2ea;border-bottom-width:3px;\">\n\n<div class=\"fusion-post-content-wrapper\" style=\"padding:30px 25px 20px 25px;\"><div class=\"fusion-post-content post-content\"><h2 class=\"blog-shortcode-post-title entry-title\"><a href=\"https:\/\/www.vanderlaak.de\/index.php\/2019\/05\/09\/effektivitaet\/\">Effektivit\u00e4t<\/a><\/h2><p class=\"fusion-single-line-meta\">By <span class=\"vcard\"><span class=\"fn\"><a href=\"https:\/\/www.vanderlaak.de\/index.php\/author\/rvdl\/\" title=\"Beitr\u00e4ge von Alle Beitr\u00e4ge\" rel=\"author\">Alle Beitr\u00e4ge<\/a><\/span><\/span><span class=\"fusion-inline-sep\">|<\/span><span class=\"updated\" style=\"display:none;\">2019-05-09T14:30:47+02:00<\/span><span>Mai 9th, 2019<\/span><span class=\"fusion-inline-sep\">|<\/span>Categories: <a href=\"https:\/\/www.vanderlaak.de\/index.php\/category\/leadership\/\" rel=\"category tag\">Leadership<\/a>, <a href=\"https:\/\/www.vanderlaak.de\/index.php\/category\/management\/\" rel=\"category tag\">Management<\/a>, <a href=\"https:\/\/www.vanderlaak.de\/index.php\/category\/videography\/\" rel=\"category tag\">Videos<\/a><span class=\"fusion-inline-sep\">|<\/span><\/p><div class=\"fusion-content-sep sep-double sep-solid\"><\/div><div class=\"fusion-post-content-container\"><p> F\u00fchrung und Management in perfekter Harmonie. Sehr effektiv.    <\/p><\/div><\/div><div class=\"fusion-meta-info\"><div class=\"fusion-alignleft\"><a class=\"fusion-read-more\" href=\"https:\/\/www.vanderlaak.de\/index.php\/2019\/05\/09\/effektivitaet\/\" aria-label=\"More on Effektivit\u00e4t\">Read More<\/a><\/div><\/div><\/div><div class=\"fusion-clearfix\"><\/div><\/div>\n<\/article>\n<article id=\"blog-1-post-14356\" class=\"fusion-post-grid post-14356 post type-post status-publish format-standard hentry category-entscheidungsfindung category-kommunikation category-management category-vertrieb\">\n<div class=\"fusion-post-wrapper\" style=\"background-color:rgba(255,255,255,0);border:1px solid #dbe2ea;border-bottom-width:3px;\">\n\n<div class=\"fusion-post-content-wrapper\" style=\"padding:30px 25px 20px 25px;\"><div class=\"fusion-post-content post-content\"><h2 class=\"blog-shortcode-post-title entry-title\"><a href=\"https:\/\/www.vanderlaak.de\/index.php\/2019\/04\/05\/entscheidungen\/\">Entscheidungen<\/a><\/h2><p class=\"fusion-single-line-meta\">By <span class=\"vcard\"><span class=\"fn\"><a href=\"https:\/\/www.vanderlaak.de\/index.php\/author\/rvdl\/\" title=\"Beitr\u00e4ge von Alle Beitr\u00e4ge\" rel=\"author\">Alle Beitr\u00e4ge<\/a><\/span><\/span><span class=\"fusion-inline-sep\">|<\/span><span class=\"updated\" style=\"display:none;\">2019-04-07T18:31:20+02:00<\/span><span>April 5th, 2019<\/span><span class=\"fusion-inline-sep\">|<\/span>Categories: <a href=\"https:\/\/www.vanderlaak.de\/index.php\/category\/entscheidungsfindung\/\" rel=\"category tag\">Entscheidungsfindung<\/a>, <a href=\"https:\/\/www.vanderlaak.de\/index.php\/category\/kommunikation\/\" rel=\"category tag\">Kommunikation<\/a>, <a href=\"https:\/\/www.vanderlaak.de\/index.php\/category\/management\/\" rel=\"category tag\">Management<\/a>, <a href=\"https:\/\/www.vanderlaak.de\/index.php\/category\/vertrieb\/\" rel=\"category tag\">Vertrieb<\/a><span class=\"fusion-inline-sep\">|<\/span><\/p><div class=\"fusion-content-sep sep-double sep-solid\"><\/div><div class=\"fusion-post-content-container\"><p> Wir meinen, dass unsere Entscheidungen rational begr\u00fcndet sind. Na ja, ab und zu gibt es die, die vielleicht aus einer Emotion heraus getroffen werden, aber wichtige [...]<\/p><\/div><\/div><div class=\"fusion-meta-info\"><div class=\"fusion-alignleft\"><a class=\"fusion-read-more\" href=\"https:\/\/www.vanderlaak.de\/index.php\/2019\/04\/05\/entscheidungen\/\" aria-label=\"More on Entscheidungen\">Read More<\/a><\/div><\/div><\/div><div class=\"fusion-clearfix\"><\/div><\/div>\n<\/article>\n<article id=\"blog-1-post-14342\" class=\"fusion-post-grid post-14342 post type-post status-publish format-standard hentry category-tips-tricks category-vertrieb\">\n<div class=\"fusion-post-wrapper\" style=\"background-color:rgba(255,255,255,0);border:1px solid #dbe2ea;border-bottom-width:3px;\">\n\n<div class=\"fusion-post-content-wrapper\" style=\"padding:30px 25px 20px 25px;\"><div class=\"fusion-post-content post-content\"><h2 class=\"blog-shortcode-post-title entry-title\"><a href=\"https:\/\/www.vanderlaak.de\/index.php\/2019\/03\/31\/der-erste-eindruck-2\/\">Der erste Eindruck<\/a><\/h2><p class=\"fusion-single-line-meta\">By <span class=\"vcard\"><span class=\"fn\"><a href=\"https:\/\/www.vanderlaak.de\/index.php\/author\/rvdl\/\" title=\"Beitr\u00e4ge von Alle Beitr\u00e4ge\" rel=\"author\">Alle Beitr\u00e4ge<\/a><\/span><\/span><span class=\"fusion-inline-sep\">|<\/span><span class=\"updated\" style=\"display:none;\">2019-05-09T14:12:20+02:00<\/span><span>M\u00e4rz 31st, 2019<\/span><span class=\"fusion-inline-sep\">|<\/span>Categories: <a href=\"https:\/\/www.vanderlaak.de\/index.php\/category\/tips-tricks\/\" rel=\"category tag\">Tips &amp; Tricks<\/a>, <a href=\"https:\/\/www.vanderlaak.de\/index.php\/category\/vertrieb\/\" rel=\"category tag\">Vertrieb<\/a><span class=\"fusion-inline-sep\">|<\/span><\/p><div class=\"fusion-content-sep sep-double sep-solid\"><\/div><div class=\"fusion-post-content-container\"><p> Das erste Gespr\u00e4ch mit einem potenziellen Kunden ist in den meisten F\u00e4llen alles entscheidend. Da soll ausreichend Vertrauen aufgebaut werden, um eine gute Beziehung zu erm\u00f6glichen. [...]<\/p><\/div><\/div><div class=\"fusion-meta-info\"><div class=\"fusion-alignleft\"><a class=\"fusion-read-more\" href=\"https:\/\/www.vanderlaak.de\/index.php\/2019\/03\/31\/der-erste-eindruck-2\/\" aria-label=\"More on Der erste Eindruck\">Read More<\/a><\/div><\/div><\/div><div class=\"fusion-clearfix\"><\/div><\/div>\n<\/article>\n<article id=\"blog-1-post-14317\" class=\"fusion-post-grid post-14317 post type-post status-publish format-standard hentry category-training category-verhandeln category-vertrieb\">\n<div class=\"fusion-post-wrapper\" style=\"background-color:rgba(255,255,255,0);border:1px solid #dbe2ea;border-bottom-width:3px;\">\n\n<div class=\"fusion-post-content-wrapper\" style=\"padding:30px 25px 20px 25px;\"><div class=\"fusion-post-content post-content\"><h2 class=\"blog-shortcode-post-title entry-title\"><a href=\"https:\/\/www.vanderlaak.de\/index.php\/2019\/03\/19\/vier-offene-fragen\/\">Vier offene Fragen<\/a><\/h2><p class=\"fusion-single-line-meta\">By <span class=\"vcard\"><span class=\"fn\"><a href=\"https:\/\/www.vanderlaak.de\/index.php\/author\/rvdl\/\" title=\"Beitr\u00e4ge von Alle Beitr\u00e4ge\" rel=\"author\">Alle Beitr\u00e4ge<\/a><\/span><\/span><span class=\"fusion-inline-sep\">|<\/span><span class=\"updated\" style=\"display:none;\">2019-05-09T18:16:19+02:00<\/span><span>M\u00e4rz 19th, 2019<\/span><span class=\"fusion-inline-sep\">|<\/span>Categories: <a href=\"https:\/\/www.vanderlaak.de\/index.php\/category\/training\/\" rel=\"category tag\">Training<\/a>, <a href=\"https:\/\/www.vanderlaak.de\/index.php\/category\/verhandeln\/\" rel=\"category tag\">Verhandeln<\/a>, <a href=\"https:\/\/www.vanderlaak.de\/index.php\/category\/vertrieb\/\" rel=\"category tag\">Vertrieb<\/a><span class=\"fusion-inline-sep\">|<\/span><\/p><div class=\"fusion-content-sep sep-double sep-solid\"><\/div><div class=\"fusion-post-content-container\"><p> Eine neue Untersuchung hat gezeigt, dass B2B Verk\u00e4ufer\/innen durchschnittlich: 1. acht Fragen pro Verkaufsgespr\u00e4ch stellen 2. und das vier davon offen sind. Wenn Verk\u00e4ufer\/innen in einem [...]<\/p><\/div><\/div><div class=\"fusion-meta-info\"><div class=\"fusion-alignleft\"><a class=\"fusion-read-more\" href=\"https:\/\/www.vanderlaak.de\/index.php\/2019\/03\/19\/vier-offene-fragen\/\" aria-label=\"More on Vier offene Fragen\">Read More<\/a><\/div><\/div><\/div><div class=\"fusion-clearfix\"><\/div><\/div>\n<\/article>\n<article id=\"blog-1-post-14302\" class=\"fusion-post-grid post-14302 post type-post status-publish format-standard hentry category-koerpersprache category-tips-tricks category-vertrieb\">\n<div class=\"fusion-post-wrapper\" style=\"background-color:rgba(255,255,255,0);border:1px solid #dbe2ea;border-bottom-width:3px;\">\n\n<div class=\"fusion-post-content-wrapper\" style=\"padding:30px 25px 20px 25px;\"><div class=\"fusion-post-content post-content\"><h2 class=\"blog-shortcode-post-title entry-title\"><a href=\"https:\/\/www.vanderlaak.de\/index.php\/2019\/03\/16\/energie\/\">Energie<\/a><\/h2><p class=\"fusion-single-line-meta\">By <span class=\"vcard\"><span class=\"fn\"><a href=\"https:\/\/www.vanderlaak.de\/index.php\/author\/rvdl\/\" title=\"Beitr\u00e4ge von Alle Beitr\u00e4ge\" rel=\"author\">Alle Beitr\u00e4ge<\/a><\/span><\/span><span class=\"fusion-inline-sep\">|<\/span><span class=\"updated\" style=\"display:none;\">2019-06-20T09:32:16+02:00<\/span><span>M\u00e4rz 16th, 2019<\/span><span class=\"fusion-inline-sep\">|<\/span>Categories: <a href=\"https:\/\/www.vanderlaak.de\/index.php\/category\/koerpersprache\/\" rel=\"category tag\">K\u00f6rpersprache<\/a>, <a href=\"https:\/\/www.vanderlaak.de\/index.php\/category\/tips-tricks\/\" rel=\"category tag\">Tips &amp; Tricks<\/a>, <a href=\"https:\/\/www.vanderlaak.de\/index.php\/category\/vertrieb\/\" rel=\"category tag\">Vertrieb<\/a><span class=\"fusion-inline-sep\">|<\/span><\/p><div class=\"fusion-content-sep sep-double sep-solid\"><\/div><div class=\"fusion-post-content-container\"><p> Ohne jetzt esoterisch wirken zu wollen, ist es nicht \u00fcbertrieben zu behaupten, dass einer der Faktoren, die f\u00fcr ein \u201cFunken\u201d zwischen zwei Menschen sorgen k\u00f6nnen, mit [...]<\/p><\/div><\/div><div class=\"fusion-meta-info\"><div class=\"fusion-alignleft\"><a class=\"fusion-read-more\" href=\"https:\/\/www.vanderlaak.de\/index.php\/2019\/03\/16\/energie\/\" aria-label=\"More on Energie\">Read More<\/a><\/div><\/div><\/div><div class=\"fusion-clearfix\"><\/div><\/div>\n<\/article>\n<div class=\"fusion-clearfix\"><\/div><\/div><div class=\"fusion-infinite-scroll-trigger\"><\/div><div class=\"pagination infinite-scroll clearfix\" style=\"display:none;\"><span class=\"current\">1<\/span><a href=\"https:\/\/www.vanderlaak.de\/index.php\/wp-json\/wp\/v2\/pages\/10870\/page\/2\/\" class=\"inactive\">2<\/a><a class=\"pagination-next\" rel=\"next\" href=\"https:\/\/www.vanderlaak.de\/index.php\/wp-json\/wp\/v2\/pages\/10870\/page\/2\/\"><span class=\"page-text\">Vor<\/span><span class=\"page-next\"><\/span><\/a><\/div><div class=\"fusion-clearfix\"><\/div><\/div><\/div><\/div><\/div><\/div>\n","protected":false},"excerpt":{"rendered":"","protected":false},"author":1,"featured_media":0,"parent":0,"menu_order":0,"comment_status":"open","ping_status":"open","template":"100-width.php","meta":[],"_links":{"self":[{"href":"https:\/\/www.vanderlaak.de\/index.php\/wp-json\/wp\/v2\/pages\/10870"}],"collection":[{"href":"https:\/\/www.vanderlaak.de\/index.php\/wp-json\/wp\/v2\/pages"}],"about":[{"href":"https:\/\/www.vanderlaak.de\/index.php\/wp-json\/wp\/v2\/types\/page"}],"author":[{"embeddable":true,"href":"https:\/\/www.vanderlaak.de\/index.php\/wp-json\/wp\/v2\/users\/1"}],"replies":[{"embeddable":true,"href":"https:\/\/www.vanderlaak.de\/index.php\/wp-json\/wp\/v2\/comments?post=10870"}],"version-history":[{"count":26,"href":"https:\/\/www.vanderlaak.de\/index.php\/wp-json\/wp\/v2\/pages\/10870\/revisions"}],"predecessor-version":[{"id":14410,"href":"https:\/\/www.vanderlaak.de\/index.php\/wp-json\/wp\/v2\/pages\/10870\/revisions\/14410"}],"wp:attachment":[{"href":"https:\/\/www.vanderlaak.de\/index.php\/wp-json\/wp\/v2\/media?parent=10870"}],"curies":[{"name":"wp","href":"https:\/\/api.w.org\/{rel}","templated":true}]}}