{"id":14956,"date":"2021-03-07T11:09:08","date_gmt":"2021-03-07T10:09:08","guid":{"rendered":"http:\/\/www.vanderlaak.de\/?page_id=14956"},"modified":"2024-10-30T17:09:13","modified_gmt":"2024-10-30T16:09:13","slug":"preisliste","status":"publish","type":"page","link":"https:\/\/www.vanderlaak.de\/index.php\/homepage\/preisliste\/","title":{"rendered":"Preisliste"},"content":{"rendered":"<blockquote><p>&nbsp;<\/p>\n<p>&nbsp;<\/p>\n<p>&nbsp;<\/p>\n<p>&nbsp;<\/p>\n<p>&nbsp;<\/p>\n<table style=\"height: 459px;\" width=\"912\" cellspacing=\"0\" cellpadding=\"0\">\n<tbody>\n<tr>\n<td valign=\"top\"><span style=\"color: #ffffff; font-family: Helvetica Neue; font-size: small;\"><b>Thema<\/b><\/span><\/td>\n<td valign=\"top\"><span style=\"color: #ffffff; font-family: Helvetica Neue; font-size: small;\"><b>Beschreibung<\/b><\/span><\/td>\n<td valign=\"top\"><span style=\"color: #ffffff; font-family: Helvetica Neue; font-size: small;\"><b>Einheit<\/b><\/span><\/td>\n<td valign=\"top\">\n<p align=\"center\"><span style=\"color: #ffffff; font-family: Helvetica Neue; font-size: small;\"><b>Preis (ohne MwSt)<\/b><\/span><\/p>\n<\/td>\n<\/tr>\n<tr>\n<td valign=\"top\"><span style=\"color: #000000; font-family: Helvetica Neue; font-size: small;\">Intake<\/span><\/td>\n<td valign=\"top\"><span style=\"color: #000000; font-family: Helvetica Neue; font-size: small;\">Nur f\u00fcr in-Company Trainings<\/span><\/td>\n<td valign=\"top\"><span style=\"color: #000000; font-family: Helvetica Neue; font-size: small;\">Pro Teilnehmer<\/span><\/td>\n<td valign=\"top\">\n<p align=\"center\"><span style=\"color: #000000; font-family: Helvetica Neue; font-size: small;\">\u20ac\u00a0115,00<\/span><\/p>\n<\/td>\n<\/tr>\n<tr>\n<td valign=\"top\"><span style=\"color: #000000; font-family: Helvetica Neue; font-size: small;\">In-company <\/span><\/td>\n<td valign=\"top\"><span style=\"color: #000000; font-family: Helvetica Neue; font-size: small;\">Ma\u00dfgeschneidertes Training &#8211; acht Stunden intensiv trainieren<\/span><\/td>\n<td valign=\"top\"><span style=\"color: #000000; font-family: Helvetica Neue; font-size: small;\">Vier Teilnehmern<\/span><\/td>\n<td valign=\"top\">\n<p align=\"center\"><span style=\"color: #000000; font-family: Helvetica Neue; font-size: small;\">\u20ac\u00a02175,00<\/span><\/p>\n<\/td>\n<\/tr>\n<tr>\n<td valign=\"top\"><\/td>\n<td valign=\"top\"><span style=\"color: #000000; font-family: Helvetica Neue; font-size: small;\">Bis zu vier zus\u00e4tzliche Teilnehmern m\u00f6glich<\/span><\/td>\n<td valign=\"top\"><span style=\"color: #000000; font-family: Helvetica Neue; font-size: small;\">Pro Teilnehmer<\/span><\/td>\n<td valign=\"top\">\n<p align=\"center\"><span style=\"color: #000000; font-family: Helvetica Neue; font-size: small;\">\u20ac\u00a0175,00<\/span><\/p>\n<\/td>\n<\/tr>\n<tr>\n<td valign=\"top\"><span style=\"color: #000000; font-family: Helvetica Neue; font-size: small;\">Offen<\/span><\/td>\n<td valign=\"top\"><span style=\"color: #000000; font-family: Helvetica Neue; font-size: small;\">Acht stunden intensiv trainieren, mit Getr\u00e4nken, Leckerbissen und Lunch<\/span><\/td>\n<td valign=\"top\"><span style=\"color: #000000; font-family: Helvetica Neue; font-size: small;\">Pro Teilnehmer<\/span><\/td>\n<td valign=\"top\">\n<p align=\"center\"><span style=\"color: #000000; font-family: Helvetica Neue; font-size: small;\">\u20ac\u00a0375,00<\/span><\/p>\n<\/td>\n<\/tr>\n<tr>\n<td valign=\"top\"><span style=\"color: #000000; font-family: Helvetica Neue; font-size: small;\">Coaching<\/span><\/td>\n<td valign=\"top\"><span style=\"color: #000000; font-family: Helvetica Neue; font-size: small;\">Tagesteil, vier Stunden Unterst\u00fctzung \u201con the job\u201d<\/span><\/td>\n<td valign=\"top\"><span style=\"color: #000000; font-family: Helvetica Neue; font-size: small;\">Pro Tagesteil<\/span><\/td>\n<td valign=\"top\">\n<p align=\"center\"><span style=\"color: #000000; font-family: Helvetica Neue; font-size: small;\">\u20ac\u00a0895,00<\/span><\/p>\n<\/td>\n<\/tr>\n<tr>\n<td valign=\"top\"><span style=\"color: #000000; font-family: Helvetica Neue; font-size: small;\">Online<\/span><\/td>\n<td valign=\"top\"><span style=\"color: #000000; font-family: Helvetica Neue; font-size: small;\">Als Follow-Up nach einem unserer In-Company oder offene Trainings<\/span><\/td>\n<td valign=\"top\"><span style=\"color: #000000; font-family: Helvetica Neue; font-size: small;\">45 Min.\/Pro Teilnehmer<\/span><\/td>\n<td valign=\"top\">\n<p align=\"center\"><span style=\"color: #000000; font-family: Helvetica Neue; font-size: small;\">\u20ac\u00a0175,00<\/span><\/p>\n<\/td>\n<\/tr>\n<tr>\n<td valign=\"top\"><\/td>\n<td valign=\"top\"><span style=\"color: #000000; font-family: Helvetica Neue; font-size: small;\">Alle Preise ohne MwSt.<\/span><\/td>\n<td valign=\"top\"><\/td>\n<td valign=\"top\"><\/td>\n<\/tr>\n<tr>\n<td valign=\"top\"><\/td>\n<td valign=\"top\"><span style=\"color: #000000; font-family: Helvetica Neue; font-size: small;\">Wenn Sie spezielle W\u00fcnsche haben, kontaktieren Sie uns bitte, f\u00fcr ein ma\u00dfgeschneidertes Angebot.<\/span><\/td>\n<td valign=\"top\"><\/td>\n<td valign=\"top\"><\/td>\n<\/tr>\n<\/tbody>\n<\/table>\n<\/blockquote>\n<p>&nbsp;<\/p>\n<p>&nbsp;<\/p>\n","protected":false},"excerpt":{"rendered":"<p>&nbsp; &nbsp; &nbsp; &nbsp; &nbsp; Thema Beschreibung Einheit Preis (ohne MwSt) Intake Nur f\u00fcr in-Company Trainings Pro Teilnehmer \u20ac\u00a0115,00 In-company Ma\u00dfgeschneidertes Training &#8211; acht Stunden intensiv trainieren Vier Teilnehmern \u20ac\u00a02175,00 Bis zu vier zus\u00e4tzliche Teilnehmern m\u00f6glich Pro Teilnehmer \u20ac\u00a0175,00 Offen Acht stunden intensiv trainieren, mit Getr\u00e4nken, Leckerbissen und Lunch Pro Teilnehmer \u20ac\u00a0375,00 Coaching Tagesteil, vier [&hellip;]<\/p>\n","protected":false},"author":1,"featured_media":0,"parent":5,"menu_order":0,"comment_status":"closed","ping_status":"open","template":"","meta":[],"_links":{"self":[{"href":"https:\/\/www.vanderlaak.de\/index.php\/wp-json\/wp\/v2\/pages\/14956"}],"collection":[{"href":"https:\/\/www.vanderlaak.de\/index.php\/wp-json\/wp\/v2\/pages"}],"about":[{"href":"https:\/\/www.vanderlaak.de\/index.php\/wp-json\/wp\/v2\/types\/page"}],"author":[{"embeddable":true,"href":"https:\/\/www.vanderlaak.de\/index.php\/wp-json\/wp\/v2\/users\/1"}],"replies":[{"embeddable":true,"href":"https:\/\/www.vanderlaak.de\/index.php\/wp-json\/wp\/v2\/comments?post=14956"}],"version-history":[{"count":7,"href":"https:\/\/www.vanderlaak.de\/index.php\/wp-json\/wp\/v2\/pages\/14956\/revisions"}],"predecessor-version":[{"id":15100,"href":"https:\/\/www.vanderlaak.de\/index.php\/wp-json\/wp\/v2\/pages\/14956\/revisions\/15100"}],"up":[{"embeddable":true,"href":"https:\/\/www.vanderlaak.de\/index.php\/wp-json\/wp\/v2\/pages\/5"}],"wp:attachment":[{"href":"https:\/\/www.vanderlaak.de\/index.php\/wp-json\/wp\/v2\/media?parent=14956"}],"curies":[{"name":"wp","href":"https:\/\/api.w.org\/{rel}","templated":true}]}}